{"id":8245,"date":"2023-11-07T23:50:24","date_gmt":"2023-11-07T23:50:24","guid":{"rendered":"https:\/\/corycos.com\/organic-rankine-cycle\/"},"modified":"2023-11-08T01:49:51","modified_gmt":"2023-11-08T01:49:51","slug":"orc-turbin","status":"publish","type":"page","link":"https:\/\/floryaenergy.com\/tr\/orc-turbin\/","title":{"rendered":"ORC T\u00dcRB\u0130N TEKNOLOJ\u0130S\u0130"},"content":{"rendered":"<section class=\"l-section wpb_row height_auto width_full parallax_ver\"><div class=\"l-section-h i-cf\"><div class=\"g-cols vc_row via_flex valign_top type_default stacking_default\"><div class=\"vc_col-sm-12 wpb_column vc_column_container\"><div class=\"vc_column-inner\"><div class=\"wpb_wrapper\"><div class=\"w-image align_center\"><div class=\"w-image-h\"><img loading=\"lazy\" decoding=\"async\" width=\"1251\" height=\"652\" src=\"https:\/\/floryaenergy.com\/wp-content\/uploads\/2020\/10\/ORC-System.jpg\" class=\"attachment-full size-full\" alt=\"\" srcset=\"https:\/\/floryaenergy.com\/wp-content\/uploads\/2020\/10\/ORC-System.jpg 1251w, https:\/\/floryaenergy.com\/wp-content\/uploads\/2020\/10\/ORC-System-300x156.jpg 300w, https:\/\/floryaenergy.com\/wp-content\/uploads\/2020\/10\/ORC-System-1024x534.jpg 1024w\" sizes=\"auto, (max-width: 1251px) 100vw, 1251px\" \/><\/div><\/div><\/div><\/div><\/div><\/div><\/div><\/section><section class=\"l-section wpb_row height_small\"><div class=\"l-section-overlay\" style=\"background:var(--color-chrome-toolbar)\"><\/div><div class=\"l-section-h i-cf\"><div class=\"g-cols vc_row via_flex valign_top type_default stacking_default\"><div class=\"vc_col-sm-8 wpb_column vc_column_container\"><div class=\"vc_column-inner\"><div class=\"wpb_wrapper\"><div class=\"wpb_text_column us_custom_4076faf9 has_text_color\"><div class=\"wpb_wrapper\"><h2 class=\"thickness-thin font-50\" style=\"text-align: center;\">\u00a0ORC T\u00fcrbin Teknolojimiz General Electric (GE) taraf\u0131ndan patentli Clean Cycle <sup>TM<\/sup><\/h2>\n<\/div><\/div><\/div><\/div><\/div><div class=\"vc_col-sm-4 wpb_column vc_column_container\"><div class=\"vc_column-inner\"><div class=\"wpb_wrapper\"><div class=\"g-cols wpb_row via_flex valign_top type_default stacking_default\"><div class=\"vc_col-sm-6 wpb_column vc_column_container\"><div class=\"vc_column-inner\"><div class=\"wpb_wrapper\"><div class=\"w-image align_center\"><div class=\"w-image-h\"><img loading=\"lazy\" decoding=\"async\" width=\"150\" height=\"150\" src=\"https:\/\/floryaenergy.com\/wp-content\/uploads\/2020\/10\/cety-logo-150x150.png\" class=\"attachment-thumbnail size-thumbnail\" alt=\"\" srcset=\"https:\/\/floryaenergy.com\/wp-content\/uploads\/2020\/10\/cety-logo-150x150.png 150w, https:\/\/floryaenergy.com\/wp-content\/uploads\/2020\/10\/cety-logo.png 300w\" sizes=\"auto, (max-width: 150px) 100vw, 150px\" \/><\/div><\/div><\/div><\/div><\/div><div class=\"vc_col-sm-6 wpb_column vc_column_container\"><div class=\"vc_column-inner\"><div class=\"wpb_wrapper\"><div class=\"w-image align_center\"><div class=\"w-image-h\"><img loading=\"lazy\" decoding=\"async\" width=\"150\" height=\"150\" src=\"https:\/\/floryaenergy.com\/wp-content\/uploads\/2020\/10\/ge-logo-150x150.png\" class=\"attachment-thumbnail size-thumbnail\" alt=\"\" srcset=\"https:\/\/floryaenergy.com\/wp-content\/uploads\/2020\/10\/ge-logo-150x150.png 150w, https:\/\/floryaenergy.com\/wp-content\/uploads\/2020\/10\/ge-logo.png 300w\" sizes=\"auto, (max-width: 150px) 100vw, 150px\" \/><\/div><\/div><\/div><\/div><\/div><\/div><\/div><\/div><\/div><\/div><\/div><\/section><section class=\"l-section wpb_row height_small\"><div class=\"l-section-h i-cf\"><div class=\"g-cols vc_row via_flex valign_middle type_default stacking_default\"><div class=\"vc_col-sm-6 wpb_column vc_column_container\"><div class=\"vc_column-inner\"><div class=\"wpb_wrapper\"><div class=\"w-video us_custom_58bcc50d align_center ratio_16x9 has_iframe\"><div class=\"w-video-h\"><iframe title=\"Youtube video player\" src=\"\/\/www.youtube.com\/embed\/D32vJGYuRTg?origin=https:\/\/floryaenergy.com\/tr\/&controls=1\" allowfullscreen=\"1\" loading=\"lazy\"><\/iframe><\/div><div class=\"w-video-icon\" style=\"font-size:1.5rem;background:rgba(0,0,0,0.5);color:#fff\"><\/div><\/div><\/div><\/div><\/div><div class=\"vc_col-sm-6 wpb_column vc_column_container\"><div class=\"vc_column-inner\"><div class=\"wpb_wrapper\"><div class=\"wpb_text_column us_custom_f0451fbc\"><div class=\"wpb_wrapper\"><p style=\"text-align: center;\">ORC t\u00fcrbin teknolojimiz (Organic Rankine Cycle Clean Cycle <sup>TM<\/sup>) sistemi General Electric (GE) taraf\u0131ndan geli\u015ftirilmi\u015f ve patentlenmi\u015f Amerikan men\u015feli at\u0131k \u0131s\u0131 geri kazan\u0131m teknolojisidir. En \u00f6nemli fark\u0131 patent kapsam\u0131nda yer alan manyetik etkili s\u00fcrt\u00fcnmesiz t\u00fcrbin teknolojisi kullanmas\u0131d\u0131r. Bu sayede minimum at\u0131k \u0131s\u0131 ile maksimum elektrik \u00fcretir ve 1 MW thermal \u00a0ve \u00fczeri \u0131s\u0131 miktarlar\u0131nda tam performans ile \u00e7al\u0131\u015fabilir. Patentli t\u00fcrbin teknolojisi ayn\u0131 zamanda \u0131s\u0131 transferi ak\u0131\u015fkan\u0131 i\u00e7in \u0131s\u0131 kayna\u011f\u0131na ba\u011fl\u0131 olarak su dahil farkl\u0131 ORC s\u0131v\u0131lar\u0131n\u0131n kullan\u0131labilmesini m\u00fcmk\u00fcn k\u0131lar.<\/p>\n<\/div><\/div><\/div><\/div><\/div><\/div><\/div><\/section><section class=\"l-section wpb_row height_small\"><div class=\"l-section-overlay\" style=\"background:var(--color-chrome-toolbar)\"><\/div><div class=\"l-section-h i-cf\"><div class=\"g-cols vc_row via_flex valign_top type_default stacking_default\"><div class=\"vc_col-sm-6 wpb_column vc_column_container\"><div class=\"vc_column-inner\"><div class=\"wpb_wrapper\"><div class=\"w-counter us_custom_f465f27b color_primary align_center has_font_size\" data-duration=\"4\"><div class=\"w-counter-value\"><span class=\"w-counter-value-part type_text\" data-final=\"\"><\/span><span class=\"w-counter-value-part type_number\" data-final=\"110\">1<\/span><span class=\"w-counter-value-part type_text\" data-final=\"\"><\/span><\/div><div class=\"w-counter-title\" style=\"font-size:1.4rem;\">ORC Teknolojimiz ile Kurulmu\u015f Olan Tesisler<\/div><\/div><\/div><\/div><\/div><div class=\"vc_col-sm-6 wpb_column vc_column_container\"><div class=\"vc_column-inner\"><div class=\"wpb_wrapper\"><div class=\"w-counter us_custom_d3c9a8f5 color_primary align_center has_font_size\" data-duration=\"4\"><div class=\"w-counter-value\"><span class=\"w-counter-value-part type_text\" data-final=\"\"><\/span><span class=\"w-counter-value-part type_number\" data-final=\"1,000,000\">1<\/span><span class=\"w-counter-value-part type_text\" data-final=\"\"><\/span><\/div><div class=\"w-counter-title\" style=\"font-size:1.4rem;\">Saatten Fazla \u00c7al\u0131\u015fma Ge\u00e7mi\u015fi<\/div><\/div><\/div><\/div><\/div><\/div><\/div><\/section><section class=\"l-section wpb_row height_large\"><div class=\"l-section-h i-cf\"><div class=\"g-cols vc_row via_flex valign_top type_default stacking_default\"><div class=\"vc_col-sm-12 wpb_column vc_column_container\"><div class=\"vc_column-inner\"><div class=\"wpb_wrapper\"><div class=\"wpb_text_column\"><div class=\"wpb_wrapper\"><p>ORC T\u00fcrbin teknolojimiz GE taraf\u0131ndan geli\u015ftirilmeden \u00f6nce geleneksel ORC teknolojileri aksiyel veya radyal \u015faftl\u0131 ve s\u00fcrt\u00fcnme katsay\u0131s\u0131 y\u00fcksek t\u00fcrbinlerden olu\u015fmaktayd\u0131. General Electric (GE), yenilik\u00e7i patentli Clean Cycle <sup>TM <\/sup>ORC T\u00fcrbinini tan\u0131tt\u0131. Manyetik etkili s\u00fcrt\u00fcnmesiz t\u00fcrbin teknolojisine sahip bu ORC Sistemi at\u0131k \u0131s\u0131lardan elektrik \u00fcretimi konusunda devrim yapt\u0131. \u0130lk defa hem y\u00fcksek verimlilikte \u00e7al\u0131\u015fan hem de bak\u0131m onar\u0131m ihtiyac\u0131 yok denecek kadar az olan bir sistem piyasaya s\u00fcr\u00fcld\u00fc.<\/p>\n<\/div><\/div><div class=\"w-separator size_small with_line width_default thick_1 style_solid color_border align_center\"><div class=\"w-separator-h\"><\/div><\/div><div class=\"w-actionbox color_primary controls_right\"><div class=\"w-actionbox-text\"><h3 class=\"w-actionbox-title\">ORC T\u00fcrbin Talepleriniz \u0130\u00e7in<\/h3><\/div><div class=\"w-actionbox-controls\"><a class=\"w-btn us-btn-style_2\" href=\"https:\/\/corycos.com\/#contact\"><span class=\"w-btn-label\">Bize Ula\u015f\u0131n<\/span><\/a><\/div><\/div><div class=\"w-separator size_small with_line width_default thick_1 style_solid color_border align_center\"><div class=\"w-separator-h\"><\/div><\/div><div class=\"w-actionbox us_custom_2cfaa307 color_primary controls_right\"><div class=\"w-actionbox-text\"><p class=\"w-actionbox-title\">Global ORC Kurulum Haberleri \u0130\u00e7in<\/p><\/div><div class=\"w-actionbox-controls\"><a class=\"w-btn us-btn-style_2\" href=\"http:\/\/heatrecoverysolutions.com\/news\"><span class=\"w-btn-label\">T\u0131klay\u0131n<\/span><\/a><\/div><\/div><\/div><\/div><\/div><\/div><\/div><\/section>\n","protected":false},"excerpt":{"rendered":"\u00a0ORC T\u00fcrbin Teknolojimiz General Electric (GE) taraf\u0131ndan patentli Clean Cycle TM ORC t\u00fcrbin teknolojimiz (Organic Rankine Cycle Clean Cycle TM) sistemi General Electric (GE) taraf\u0131ndan geli\u015ftirilmi\u015f ve patentlenmi\u015f Amerikan men\u015feli at\u0131k \u0131s\u0131 geri kazan\u0131m teknolojisidir. En \u00f6nemli fark\u0131 patent kapsam\u0131nda yer alan manyetik etkili s\u00fcrt\u00fcnmesiz t\u00fcrbin teknolojisi kullanmas\u0131d\u0131r. Bu sayede minimum at\u0131k \u0131s\u0131 ile maksimum...","protected":false},"author":1,"featured_media":0,"parent":0,"menu_order":0,"comment_status":"closed","ping_status":"closed","template":"","meta":{"_acf_changed":false,"footnotes":""},"class_list":["post-8245","page","type-page","status-publish","hentry"],"acf":[],"yoast_head":"<!-- This site is optimized with the Yoast SEO plugin v25.6 - https:\/\/yoast.com\/wordpress\/plugins\/seo\/ -->\n<title>ORC T\u00fcrbin Teknolojisi | GE Patentli | Florya Energy<\/title>\n<meta name=\"description\" content=\"ORC T\u00fcrbin Teknolojisi noktas\u0131nda d\u00fcnya \u00e7ap\u0131nda lider! 100&#039;den fazla end\u00fcstriyel kurulum ve 1 Milyon Saatten Fazla \u00c7al\u0131\u015fma Ge\u00e7mi\u015fi\" \/>\n<meta name=\"robots\" content=\"index, follow, max-snippet:-1, max-image-preview:large, max-video-preview:-1\" \/>\n<link rel=\"canonical\" href=\"https:\/\/floryaenergy.com\/tr\/orc-turbin\/\" \/>\n<meta property=\"og:locale\" content=\"tr_TR\" \/>\n<meta property=\"og:type\" content=\"article\" \/>\n<meta property=\"og:title\" content=\"ORC T\u00fcrbin Teknolojisi | GE Patentli | Florya Energy\" \/>\n<meta property=\"og:description\" content=\"ORC T\u00fcrbin Teknolojisi noktas\u0131nda d\u00fcnya \u00e7ap\u0131nda lider! 100&#039;den fazla end\u00fcstriyel kurulum ve 1 Milyon Saatten Fazla \u00c7al\u0131\u015fma Ge\u00e7mi\u015fi\" \/>\n<meta property=\"og:url\" content=\"https:\/\/floryaenergy.com\/tr\/orc-turbin\/\" \/>\n<meta property=\"og:site_name\" content=\"Florya Energy\" \/>\n<meta property=\"article:modified_time\" content=\"2023-11-08T01:49:51+00:00\" \/>\n<meta name=\"twitter:card\" content=\"summary_large_image\" \/>\n<meta name=\"twitter:label1\" content=\"Tahmini okuma s\u00fcresi\" \/>\n\t<meta name=\"twitter:data1\" content=\"2 dakika\" \/>\n<script type=\"application\/ld+json\" class=\"yoast-schema-graph\">{\"@context\":\"https:\/\/schema.org\",\"@graph\":[{\"@type\":\"WebPage\",\"@id\":\"https:\/\/floryaenergy.com\/tr\/orc-turbin\/\",\"url\":\"https:\/\/floryaenergy.com\/tr\/orc-turbin\/\",\"name\":\"ORC T\u00fcrbin Teknolojisi | GE Patentli | Florya Energy\",\"isPartOf\":{\"@id\":\"https:\/\/floryaenergy.com\/#website\"},\"datePublished\":\"2023-11-07T23:50:24+00:00\",\"dateModified\":\"2023-11-08T01:49:51+00:00\",\"description\":\"ORC T\u00fcrbin Teknolojisi noktas\u0131nda d\u00fcnya \u00e7ap\u0131nda lider! 100'den fazla end\u00fcstriyel kurulum ve 1 Milyon Saatten Fazla \u00c7al\u0131\u015fma Ge\u00e7mi\u015fi\",\"breadcrumb\":{\"@id\":\"https:\/\/floryaenergy.com\/tr\/orc-turbin\/#breadcrumb\"},\"inLanguage\":\"tr\",\"potentialAction\":[{\"@type\":\"ReadAction\",\"target\":[\"https:\/\/floryaenergy.com\/tr\/orc-turbin\/\"]}]},{\"@type\":\"BreadcrumbList\",\"@id\":\"https:\/\/floryaenergy.com\/tr\/orc-turbin\/#breadcrumb\",\"itemListElement\":[{\"@type\":\"ListItem\",\"position\":1,\"name\":\"Home\",\"item\":\"https:\/\/floryaenergy.com\/tr\/\"},{\"@type\":\"ListItem\",\"position\":2,\"name\":\"ORC T\u00dcRB\u0130N TEKNOLOJ\u0130S\u0130\"}]},{\"@type\":\"WebSite\",\"@id\":\"https:\/\/floryaenergy.com\/#website\",\"url\":\"https:\/\/floryaenergy.com\/\",\"name\":\"Florya Energy\",\"description\":\"Florya Energy\",\"potentialAction\":[{\"@type\":\"SearchAction\",\"target\":{\"@type\":\"EntryPoint\",\"urlTemplate\":\"https:\/\/floryaenergy.com\/?s={search_term_string}\"},\"query-input\":{\"@type\":\"PropertyValueSpecification\",\"valueRequired\":true,\"valueName\":\"search_term_string\"}}],\"inLanguage\":\"tr\"}]}<\/script>\n<!-- \/ Yoast SEO plugin. -->","yoast_head_json":{"title":"ORC T\u00fcrbin Teknolojisi | GE Patentli | Florya Energy","description":"ORC T\u00fcrbin Teknolojisi noktas\u0131nda d\u00fcnya \u00e7ap\u0131nda lider! 100'den fazla end\u00fcstriyel kurulum ve 1 Milyon Saatten Fazla \u00c7al\u0131\u015fma Ge\u00e7mi\u015fi","robots":{"index":"index","follow":"follow","max-snippet":"max-snippet:-1","max-image-preview":"max-image-preview:large","max-video-preview":"max-video-preview:-1"},"canonical":"https:\/\/floryaenergy.com\/tr\/orc-turbin\/","og_locale":"tr_TR","og_type":"article","og_title":"ORC T\u00fcrbin Teknolojisi | GE Patentli | Florya Energy","og_description":"ORC T\u00fcrbin Teknolojisi noktas\u0131nda d\u00fcnya \u00e7ap\u0131nda lider! 100'den fazla end\u00fcstriyel kurulum ve 1 Milyon Saatten Fazla \u00c7al\u0131\u015fma Ge\u00e7mi\u015fi","og_url":"https:\/\/floryaenergy.com\/tr\/orc-turbin\/","og_site_name":"Florya Energy","article_modified_time":"2023-11-08T01:49:51+00:00","twitter_card":"summary_large_image","twitter_misc":{"Tahmini okuma s\u00fcresi":"2 dakika"},"schema":{"@context":"https:\/\/schema.org","@graph":[{"@type":"WebPage","@id":"https:\/\/floryaenergy.com\/tr\/orc-turbin\/","url":"https:\/\/floryaenergy.com\/tr\/orc-turbin\/","name":"ORC T\u00fcrbin Teknolojisi | GE Patentli | Florya Energy","isPartOf":{"@id":"https:\/\/floryaenergy.com\/#website"},"datePublished":"2023-11-07T23:50:24+00:00","dateModified":"2023-11-08T01:49:51+00:00","description":"ORC T\u00fcrbin Teknolojisi noktas\u0131nda d\u00fcnya \u00e7ap\u0131nda lider! 100'den fazla end\u00fcstriyel kurulum ve 1 Milyon Saatten Fazla \u00c7al\u0131\u015fma Ge\u00e7mi\u015fi","breadcrumb":{"@id":"https:\/\/floryaenergy.com\/tr\/orc-turbin\/#breadcrumb"},"inLanguage":"tr","potentialAction":[{"@type":"ReadAction","target":["https:\/\/floryaenergy.com\/tr\/orc-turbin\/"]}]},{"@type":"BreadcrumbList","@id":"https:\/\/floryaenergy.com\/tr\/orc-turbin\/#breadcrumb","itemListElement":[{"@type":"ListItem","position":1,"name":"Home","item":"https:\/\/floryaenergy.com\/tr\/"},{"@type":"ListItem","position":2,"name":"ORC T\u00dcRB\u0130N TEKNOLOJ\u0130S\u0130"}]},{"@type":"WebSite","@id":"https:\/\/floryaenergy.com\/#website","url":"https:\/\/floryaenergy.com\/","name":"Florya Energy","description":"Florya Energy","potentialAction":[{"@type":"SearchAction","target":{"@type":"EntryPoint","urlTemplate":"https:\/\/floryaenergy.com\/?s={search_term_string}"},"query-input":{"@type":"PropertyValueSpecification","valueRequired":true,"valueName":"search_term_string"}}],"inLanguage":"tr"}]}},"_links":{"self":[{"href":"https:\/\/floryaenergy.com\/tr\/wp-json\/wp\/v2\/pages\/8245\/"}],"collection":[{"href":"https:\/\/floryaenergy.com\/tr\/wp-json\/wp\/v2\/pages\/"}],"about":[{"href":"https:\/\/floryaenergy.com\/tr\/wp-json\/wp\/v2\/types\/page\/"}],"author":[{"embeddable":true,"href":"https:\/\/floryaenergy.com\/tr\/wp-json\/wp\/v2\/users\/1\/"}],"replies":[{"embeddable":true,"href":"https:\/\/floryaenergy.com\/tr\/wp-json\/wp\/v2\/comments\/?post=8245"}],"version-history":[{"count":5,"href":"https:\/\/floryaenergy.com\/tr\/wp-json\/wp\/v2\/pages\/8245\/revisions\/"}],"predecessor-version":[{"id":9366,"href":"https:\/\/floryaenergy.com\/tr\/wp-json\/wp\/v2\/pages\/8245\/revisions\/9366\/"}],"wp:attachment":[{"href":"https:\/\/floryaenergy.com\/tr\/wp-json\/wp\/v2\/media\/?parent=8245"}],"curies":[{"name":"wp","href":"https:\/\/api.w.org\/{rel}","templated":true}]}}