{"id":8246,"date":"2023-11-07T23:50:23","date_gmt":"2023-11-07T23:50:23","guid":{"rendered":"https:\/\/corycos.com\/orc-plant-references\/"},"modified":"2023-11-08T01:32:38","modified_gmt":"2023-11-08T01:32:38","slug":"orc-sistem-referanslar","status":"publish","type":"page","link":"https:\/\/floryaenergy.com\/tr\/orc-sistem-referanslar\/","title":{"rendered":"ORC S\u0130STEM REFERANSLARI"},"content":{"rendered":"<section class=\"l-section wpb_row height_auto width_full\"><div class=\"l-section-h i-cf\"><div class=\"g-cols vc_row via_flex valign_top type_default stacking_default\"><div class=\"vc_col-sm-12 wpb_column vc_column_container stretched\"><div class=\"vc_column-inner\"><div class=\"wpb_wrapper\"><div class=\"w-image align_center\"><div class=\"w-image-h\"><img loading=\"lazy\" decoding=\"async\" width=\"1479\" height=\"1194\" src=\"https:\/\/floryaenergy.com\/wp-content\/uploads\/2023\/11\/orc-plant-references-eu.jpg\" class=\"attachment-full size-full\" alt=\"\" srcset=\"https:\/\/floryaenergy.com\/wp-content\/uploads\/2023\/11\/orc-plant-references-eu.jpg 1479w, https:\/\/floryaenergy.com\/wp-content\/uploads\/2023\/11\/orc-plant-references-eu-300x242.jpg 300w, https:\/\/floryaenergy.com\/wp-content\/uploads\/2023\/11\/orc-plant-references-eu-1024x827.jpg 1024w, https:\/\/floryaenergy.com\/wp-content\/uploads\/2023\/11\/orc-plant-references-eu-720x581.jpg 720w\" sizes=\"auto, (max-width: 1479px) 100vw, 1479px\" \/><\/div><\/div><\/div><\/div><\/div><\/div><\/div><\/section><section class=\"l-section wpb_row height_large\"><div class=\"l-section-h i-cf\"><div class=\"g-cols vc_row via_flex valign_top type_default stacking_default\"><div class=\"vc_col-sm-12 wpb_column vc_column_container\"><div class=\"vc_column-inner\"><div class=\"wpb_wrapper\"><div class=\"wpb_text_column\"><div class=\"wpb_wrapper\"><h2 style=\"text-align: center;\">ORC Sistem REFERANSLARI<\/h2>\n<\/div><\/div><div class=\"wpb_text_column\"><div class=\"wpb_wrapper\"><p>ORC Sistem Referanslar\u0131 noktas\u0131nda d\u00fcnya \u00e7ap\u0131nda 100&#8217;den fazla end\u00fcstriyel kurulum ve 1 Milyon saatten fazla \u00e7al\u0131\u015fma saati ge\u00e7mi\u015fi ile Corycos Group enerji ve \u00fcretim sekt\u00f6rlerine e\u015fsiz bir ORC teknolojisi sunmaktad\u0131r. General Electric (GE) taraf\u0131ndan patentli Clean Cycle <sup>TM<\/sup> teknolojisi ile her \u00f6l\u00e7ekteki at\u0131k \u0131s\u0131lar\u0131n avantajl\u0131 bir \u015fekilde geri kazan\u0131m\u0131 art\u0131k m\u00fcmk\u00fcn.<\/p>\n<\/div><\/div><div class=\"w-separator size_small\"><\/div><div class=\"w-grid type_grid layout_portfolio_3 cols_2 ratio_1x1\" id=\"us_grid_1\" style=\"--gap:1.5rem;\" data-filterable=\"true\"><style>@media (max-width:600px){#us_grid_1 .w-grid-list{margin:0}#us_grid_1 .w-grid-item{width:100%;padding:0;margin-bottom:var(--gap,0px)}}.layout_portfolio_3 .w-grid-item-h:before{padding-bottom:100%}@media (min-width:601px){.layout_portfolio_3 .w-grid-item.size_1x2 .w-grid-item-h:before{padding-bottom:calc(200% + var(--gap,0px) * 2)}.layout_portfolio_3 .w-grid-item.size_2x1 .w-grid-item-h:before{padding-bottom:calc(50% - var(--gap,0px) * 1)}.layout_portfolio_3 .w-grid-item.size_2x2 .w-grid-item-h:before{padding-bottom:calc(100% - var(--gap,0px) * 0)}}.layout_portfolio_3 .w-grid-item-h{}.layout_portfolio_3 .usg_post_image_1{transition-duration:0.4s;transform-origin:50% 50%;transform:scale(1) translate(0%,0%);opacity:0.25}.layout_portfolio_3 .w-grid-item-h:hover .usg_post_image_1{transform:scale(1) translate(0%,0%);opacity:1}.layout_portfolio_3 .usg_post_title_1{transition-duration:0.3s;transform-origin:50% 50%;transform:scale(1) translate(0%,0%)}.layout_portfolio_3 .w-grid-item-h:hover .usg_post_title_1{transform:scale(1) translate(0%,-100%);opacity:0}.layout_portfolio_3 .usg_post_taxonomy_1{transition-duration:0.3s;transform-origin:50% 50%;transform:scale(1) translate(0%,0%)}.layout_portfolio_3 .w-grid-item-h:hover .usg_post_taxonomy_1{transform:scale(1) translate(0%,100%);opacity:0}.layout_portfolio_3 .usg_post_image_1{position:absolute!important;top:0!important;right:0!important;bottom:0!important;left:0!important}.layout_portfolio_3 .usg_vwrapper_1{position:absolute!important;top:0!important;right:0!important;bottom:0!important;left:0!important;padding:2rem!important}.layout_portfolio_3 .usg_post_title_1{color:inherit!important;font-size:1.4rem!important}<\/style><div class=\"w-grid-list\">\t<article class=\"w-grid-item size_1x1 post-9364 us_portfolio type-us_portfolio status-publish has-post-thumbnail hentry us_portfolio_category-orc-referanslar\" data-id=\"9364\">\r\n\t\t<div class=\"w-grid-item-h\">\r\n\t\t\t\t\t\t<div class=\"w-post-elm post_image usg_post_image_1 stretched\"><img loading=\"lazy\" decoding=\"async\" width=\"768\" height=\"1024\" src=\"https:\/\/floryaenergy.com\/wp-content\/uploads\/2020\/10\/orc-plant-landfill-gas-engines-france-768x1024.jpeg\" class=\"attachment-large size-large wp-post-image\" alt=\"\" srcset=\"https:\/\/floryaenergy.com\/wp-content\/uploads\/2020\/10\/orc-plant-landfill-gas-engines-france-768x1024.jpeg 768w, https:\/\/floryaenergy.com\/wp-content\/uploads\/2020\/10\/orc-plant-landfill-gas-engines-france-225x300.jpeg 225w, https:\/\/floryaenergy.com\/wp-content\/uploads\/2020\/10\/orc-plant-landfill-gas-engines-france.jpeg 1000w\" sizes=\"auto, (max-width: 768px) 100vw, 768px\" \/><\/div><div class=\"w-vwrapper usg_vwrapper_1 align_center valign_middle\"><h2 class=\"w-post-elm post_title usg_post_title_1 has_text_color entry-title color_link_inherit\">140 KW ORC PLANT ON LANDFILL GAS ENGINES \u2013 FRANCE<\/h2><div class=\"w-post-elm post_taxonomy usg_post_taxonomy_1 style_simple color_link_inherit\"><a class=\"term-40 term-orc-referanslar\" href=\"https:\/\/floryaenergy.com\/tr\/portfolio_category\/orc-referanslar\/\">ORC Referanslar<\/a><\/div><\/div>\t\t<\/div>\r\n\t<\/article>\r\n\t<article class=\"w-grid-item size_1x1 post-9360 us_portfolio type-us_portfolio status-publish has-post-thumbnail hentry us_portfolio_category-orc-referanslar\" data-id=\"9360\">\r\n\t\t<div class=\"w-grid-item-h\">\r\n\t\t\t\t\t\t<div class=\"w-post-elm post_image usg_post_image_1 stretched\"><img loading=\"lazy\" decoding=\"async\" width=\"600\" height=\"583\" src=\"https:\/\/floryaenergy.com\/wp-content\/uploads\/2019\/11\/orc-plant-kayseri-600px.jpg\" class=\"attachment-large size-large wp-post-image\" alt=\"corycos group orc power plant\" srcset=\"https:\/\/floryaenergy.com\/wp-content\/uploads\/2019\/11\/orc-plant-kayseri-600px.jpg 600w, https:\/\/floryaenergy.com\/wp-content\/uploads\/2019\/11\/orc-plant-kayseri-600px-300x292.jpg 300w\" sizes=\"auto, (max-width: 600px) 100vw, 600px\" \/><\/div><div class=\"w-vwrapper usg_vwrapper_1 align_center valign_middle\"><h2 class=\"w-post-elm post_title usg_post_title_1 has_text_color entry-title color_link_inherit\">280 KW LANDFILL GAS ORC PLANT \u2013 KAYSERI, TURKEY<\/h2><div class=\"w-post-elm post_taxonomy usg_post_taxonomy_1 style_simple color_link_inherit\"><a class=\"term-40 term-orc-referanslar\" href=\"https:\/\/floryaenergy.com\/tr\/portfolio_category\/orc-referanslar\/\">ORC Referanslar<\/a><\/div><\/div>\t\t<\/div>\r\n\t<\/article>\r\n<\/div><div class=\"w-grid-preloader\">\t<div class=\"g-preloader type_5\">\r\n\t\t<div><\/div>\r\n\t<\/div>\r\n\t<\/div>\t<div class=\"w-grid-json hidden\" onclick='return {&quot;action&quot;:&quot;us_ajax_grid&quot;,&quot;ajax_url&quot;:&quot;https:\\\/\\\/floryaenergy.com\\\/wp-admin\\\/admin-ajax.php&quot;,&quot;infinite_scroll&quot;:0,&quot;max_num_pages&quot;:1,&quot;pagination&quot;:&quot;none&quot;,&quot;template_vars&quot;:{&quot;columns&quot;:&quot;2&quot;,&quot;exclude_items&quot;:&quot;none&quot;,&quot;img_size&quot;:&quot;default&quot;,&quot;ignore_items_size&quot;:0,&quot;items_layout&quot;:&quot;portfolio_3&quot;,&quot;items_offset&quot;:&quot;1&quot;,&quot;load_animation&quot;:&quot;none&quot;,&quot;overriding_link&quot;:&quot;%7B%22url%22%3A%22%22%7D&quot;,&quot;post_id&quot;:0,&quot;query_args&quot;:{&quot;post_type&quot;:[&quot;us_portfolio&quot;],&quot;tax_query&quot;:[{&quot;taxonomy&quot;:&quot;us_portfolio_category&quot;,&quot;field&quot;:&quot;slug&quot;,&quot;terms&quot;:[&quot;orc-referanslar&quot;]}],&quot;post_status&quot;:[&quot;publish&quot;,&quot;acf-disabled&quot;],&quot;posts_per_page&quot;:&quot;10&quot;},&quot;orderby_query_args&quot;:{&quot;orderby&quot;:{&quot;date&quot;:&quot;DESC&quot;}},&quot;type&quot;:&quot;grid&quot;,&quot;us_grid_ajax_index&quot;:1,&quot;us_grid_filter_params&quot;:[],&quot;us_grid_index&quot;:1,&quot;_us_grid_post_type&quot;:&quot;us_portfolio&quot;,&quot;page_args&quot;:[],&quot;lang&quot;:&quot;tr&quot;}}'><\/div>\r\n\t<\/div><\/div><\/div><\/div><\/div><\/div><\/section><section class=\"l-section wpb_row height_large\"><div class=\"l-section-h i-cf\"><div class=\"g-cols vc_row via_flex valign_top type_default stacking_default\"><div class=\"vc_col-sm-12 wpb_column vc_column_container\"><div class=\"vc_column-inner\"><div class=\"wpb_wrapper\"><div class=\"w-separator size_small with_line width_default thick_1 style_solid color_border align_center\"><div class=\"w-separator-h\"><\/div><\/div><div class=\"wpb_text_column\"><div class=\"wpb_wrapper\"><h2 style=\"text-align: center;\">ORC Sistem Videolar\u0131<\/h2>\n<\/div><\/div><div class=\"wpb_text_column\"><div class=\"wpb_wrapper\"><p>D\u00fcnya \u00e7ap\u0131ndaki at\u0131k \u0131s\u0131 geri kazan\u0131m\u0131 i\u00e7in ORC Sistem tercihleri geleneksel olarak aksiyel veya radyal \u015faftl\u0131 ve s\u00fcrt\u00fcnme katsay\u0131s\u0131 y\u00fcksek t\u00fcrbinlerden olu\u015fmaktayd\u0131. General Electric (GE), yenilik\u00e7i patentli Clean Cycle <sup>TM <\/sup>ORC T\u00fcrbinini tan\u0131tt\u0131. Manyetik etki destekli s\u00fcrt\u00fcnmesiz t\u00fcrbin \u015faft\u0131 teknolojisine sahip bu ORC Sistemi at\u0131k \u0131s\u0131lardan elektrik \u00fcretimi konusunda devrim yapt\u0131. \u0130lk defa ak\u0131\u015fkan \u0131s\u0131 transferi olarak sadece 155 C<sup>o<\/sup> su kullanarak tesis sahipleri i\u00e7in tehlikeli kimyasallar kullanmadan risksiz bir \u015fekilde at\u0131k \u0131s\u0131 geri kazan\u0131m\u0131 m\u00fcmk\u00fcn k\u0131ld\u0131.<\/p>\n<\/div><\/div><div class=\"w-separator size_small\"><\/div><div class=\"g-cols wpb_row via_flex valign_top type_default stacking_default\"><div class=\"vc_col-sm-6 wpb_column vc_column_container\"><div class=\"vc_column-inner\"><div class=\"wpb_wrapper\"><div class=\"w-video us_custom_58bcc50d align_center ratio_16x9 has_iframe\"><div class=\"w-video-h\"><iframe title=\"Youtube video player\" src=\"\/\/www.youtube.com\/embed\/_t6OHegZb8w?origin=https:\/\/floryaenergy.com\/tr\/&controls=1\" allowfullscreen=\"1\" loading=\"lazy\"><\/iframe><\/div><div class=\"w-video-icon\" style=\"font-size:1.5rem;background:rgba(0,0,0,0.5);color:#fff\"><\/div><\/div><\/div><\/div><\/div><div class=\"vc_col-sm-6 wpb_column vc_column_container\"><div class=\"vc_column-inner\"><div class=\"wpb_wrapper\"><div class=\"w-video us_custom_58bcc50d align_center ratio_16x9 has_iframe\"><div class=\"w-video-h\"><iframe title=\"Youtube video player\" src=\"\/\/www.youtube.com\/embed\/oi8U5fcnep8?origin=https:\/\/floryaenergy.com\/tr\/&controls=1\" allowfullscreen=\"1\" loading=\"lazy\"><\/iframe><\/div><div class=\"w-video-icon\" style=\"font-size:1.5rem;background:rgba(0,0,0,0.5);color:#fff\"><\/div><\/div><\/div><\/div><\/div><\/div><div class=\"w-separator size_small\"><\/div><div class=\"g-cols wpb_row via_flex valign_top type_default stacking_default\"><div class=\"vc_col-sm-12 wpb_column vc_column_container\"><div class=\"vc_column-inner\"><div class=\"wpb_wrapper\"><div class=\"w-video us_custom_58bcc50d align_center ratio_16x9 has_iframe\"><div class=\"w-video-h\"><iframe title=\"Youtube video player\" src=\"\/\/www.youtube.com\/embed\/D32vJGYuRTg?origin=https:\/\/floryaenergy.com\/tr\/&controls=1\" allowfullscreen=\"1\" loading=\"lazy\"><\/iframe><\/div><div class=\"w-video-icon\" style=\"font-size:1.5rem;background:rgba(0,0,0,0.5);color:#fff\"><\/div><\/div><\/div><\/div><\/div><\/div><div class=\"w-separator size_small with_line width_default thick_1 style_solid color_border align_center\"><div class=\"w-separator-h\"><\/div><\/div><div class=\"w-separator size_small with_line width_default thick_1 style_solid color_border align_center\"><div class=\"w-separator-h\"><\/div><\/div><div class=\"w-actionbox color_primary controls_right\"><div class=\"w-actionbox-text\"><h3 class=\"w-actionbox-title\">ORC Sistemi Talepleriniz \u0130\u00e7in<\/h3><\/div><div class=\"w-actionbox-controls\"><a class=\"w-btn us-btn-style_2\" href=\"https:\/\/corycos.com\/#contact\"><span class=\"w-btn-label\">Bize Ula\u015f\u0131n<\/span><\/a><\/div><\/div><div class=\"w-separator size_small with_line width_default thick_1 style_solid color_border align_center\"><div class=\"w-separator-h\"><\/div><\/div><div class=\"w-actionbox us_custom_2cfaa307 color_primary controls_right\"><div class=\"w-actionbox-text\"><p class=\"w-actionbox-title\">Global ORC Kurulum Haberleri \u0130\u00e7in<\/p><\/div><div class=\"w-actionbox-controls\"><a class=\"w-btn us-btn-style_2\" href=\"http:\/\/heatrecoverysolutions.com\/news\"><span class=\"w-btn-label\">T\u0131klay\u0131n<\/span><\/a><\/div><\/div><\/div><\/div><\/div><\/div><\/div><\/section>\n","protected":false},"excerpt":{"rendered":"[vc_custom_heading text=\"280 KW LANDFILL GAS ORC PLANT \u2013 KAYSERI, TURKEY\" font_container=\"tag:h3|text_align:left\" use_theme_fonts=\"yes\"]","protected":false},"author":1,"featured_media":0,"parent":0,"menu_order":0,"comment_status":"closed","ping_status":"closed","template":"","meta":{"_acf_changed":false,"footnotes":""},"class_list":["post-8246","page","type-page","status-publish","hentry"],"acf":[],"yoast_head":"<!-- This site is optimized with the Yoast SEO plugin v25.6 - https:\/\/yoast.com\/wordpress\/plugins\/seo\/ -->\n<title>ORC Sistem Referanslar\u0131 | D\u00fcnya \u00c7ap\u0131nda Kurulumlar | Corycos Group<\/title>\n<meta name=\"description\" content=\"ORC Sistem Referanslar\u0131 noktas\u0131nda d\u00fcnya \u00e7ap\u0131nda lider! 100&#039;den fazla end\u00fcstriyel kurulum ve 1 Milyon Saatten Fazla \u00c7al\u0131\u015fma Ge\u00e7mi\u015fi\" \/>\n<meta name=\"robots\" content=\"index, follow, max-snippet:-1, max-image-preview:large, max-video-preview:-1\" \/>\n<link rel=\"canonical\" href=\"https:\/\/floryaenergy.com\/tr\/orc-sistem-referanslar\/\" \/>\n<meta property=\"og:locale\" content=\"tr_TR\" \/>\n<meta property=\"og:type\" content=\"article\" \/>\n<meta property=\"og:title\" content=\"ORC Sistem Referanslar\u0131 | D\u00fcnya \u00c7ap\u0131nda Kurulumlar | Corycos Group\" \/>\n<meta property=\"og:description\" content=\"ORC Sistem Referanslar\u0131 noktas\u0131nda d\u00fcnya \u00e7ap\u0131nda lider! 100&#039;den fazla end\u00fcstriyel kurulum ve 1 Milyon Saatten Fazla \u00c7al\u0131\u015fma Ge\u00e7mi\u015fi\" \/>\n<meta property=\"og:url\" content=\"https:\/\/floryaenergy.com\/tr\/orc-sistem-referanslar\/\" \/>\n<meta property=\"og:site_name\" content=\"Florya Energy\" \/>\n<meta property=\"article:modified_time\" content=\"2023-11-08T01:32:38+00:00\" \/>\n<meta name=\"twitter:card\" content=\"summary_large_image\" \/>\n<meta name=\"twitter:label1\" content=\"Tahmini okuma s\u00fcresi\" \/>\n\t<meta name=\"twitter:data1\" content=\"1 dakika\" \/>\n<script type=\"application\/ld+json\" class=\"yoast-schema-graph\">{\"@context\":\"https:\/\/schema.org\",\"@graph\":[{\"@type\":\"WebPage\",\"@id\":\"https:\/\/floryaenergy.com\/tr\/orc-sistem-referanslar\/\",\"url\":\"https:\/\/floryaenergy.com\/tr\/orc-sistem-referanslar\/\",\"name\":\"ORC Sistem Referanslar\u0131 | D\u00fcnya \u00c7ap\u0131nda Kurulumlar | Corycos Group\",\"isPartOf\":{\"@id\":\"https:\/\/floryaenergy.com\/#website\"},\"datePublished\":\"2023-11-07T23:50:23+00:00\",\"dateModified\":\"2023-11-08T01:32:38+00:00\",\"description\":\"ORC Sistem Referanslar\u0131 noktas\u0131nda d\u00fcnya \u00e7ap\u0131nda lider! 100'den fazla end\u00fcstriyel kurulum ve 1 Milyon Saatten Fazla \u00c7al\u0131\u015fma Ge\u00e7mi\u015fi\",\"breadcrumb\":{\"@id\":\"https:\/\/floryaenergy.com\/tr\/orc-sistem-referanslar\/#breadcrumb\"},\"inLanguage\":\"tr\",\"potentialAction\":[{\"@type\":\"ReadAction\",\"target\":[\"https:\/\/floryaenergy.com\/tr\/orc-sistem-referanslar\/\"]}]},{\"@type\":\"BreadcrumbList\",\"@id\":\"https:\/\/floryaenergy.com\/tr\/orc-sistem-referanslar\/#breadcrumb\",\"itemListElement\":[{\"@type\":\"ListItem\",\"position\":1,\"name\":\"Home\",\"item\":\"https:\/\/floryaenergy.com\/tr\/\"},{\"@type\":\"ListItem\",\"position\":2,\"name\":\"ORC S\u0130STEM REFERANSLARI\"}]},{\"@type\":\"WebSite\",\"@id\":\"https:\/\/floryaenergy.com\/#website\",\"url\":\"https:\/\/floryaenergy.com\/\",\"name\":\"Florya Energy\",\"description\":\"Florya Energy\",\"potentialAction\":[{\"@type\":\"SearchAction\",\"target\":{\"@type\":\"EntryPoint\",\"urlTemplate\":\"https:\/\/floryaenergy.com\/?s={search_term_string}\"},\"query-input\":{\"@type\":\"PropertyValueSpecification\",\"valueRequired\":true,\"valueName\":\"search_term_string\"}}],\"inLanguage\":\"tr\"}]}<\/script>\n<!-- \/ Yoast SEO plugin. -->","yoast_head_json":{"title":"ORC Sistem Referanslar\u0131 | D\u00fcnya \u00c7ap\u0131nda Kurulumlar | Corycos Group","description":"ORC Sistem Referanslar\u0131 noktas\u0131nda d\u00fcnya \u00e7ap\u0131nda lider! 100'den fazla end\u00fcstriyel kurulum ve 1 Milyon Saatten Fazla \u00c7al\u0131\u015fma Ge\u00e7mi\u015fi","robots":{"index":"index","follow":"follow","max-snippet":"max-snippet:-1","max-image-preview":"max-image-preview:large","max-video-preview":"max-video-preview:-1"},"canonical":"https:\/\/floryaenergy.com\/tr\/orc-sistem-referanslar\/","og_locale":"tr_TR","og_type":"article","og_title":"ORC Sistem Referanslar\u0131 | D\u00fcnya \u00c7ap\u0131nda Kurulumlar | Corycos Group","og_description":"ORC Sistem Referanslar\u0131 noktas\u0131nda d\u00fcnya \u00e7ap\u0131nda lider! 100'den fazla end\u00fcstriyel kurulum ve 1 Milyon Saatten Fazla \u00c7al\u0131\u015fma Ge\u00e7mi\u015fi","og_url":"https:\/\/floryaenergy.com\/tr\/orc-sistem-referanslar\/","og_site_name":"Florya Energy","article_modified_time":"2023-11-08T01:32:38+00:00","twitter_card":"summary_large_image","twitter_misc":{"Tahmini okuma s\u00fcresi":"1 dakika"},"schema":{"@context":"https:\/\/schema.org","@graph":[{"@type":"WebPage","@id":"https:\/\/floryaenergy.com\/tr\/orc-sistem-referanslar\/","url":"https:\/\/floryaenergy.com\/tr\/orc-sistem-referanslar\/","name":"ORC Sistem Referanslar\u0131 | D\u00fcnya \u00c7ap\u0131nda Kurulumlar | Corycos Group","isPartOf":{"@id":"https:\/\/floryaenergy.com\/#website"},"datePublished":"2023-11-07T23:50:23+00:00","dateModified":"2023-11-08T01:32:38+00:00","description":"ORC Sistem Referanslar\u0131 noktas\u0131nda d\u00fcnya \u00e7ap\u0131nda lider! 100'den fazla end\u00fcstriyel kurulum ve 1 Milyon Saatten Fazla \u00c7al\u0131\u015fma Ge\u00e7mi\u015fi","breadcrumb":{"@id":"https:\/\/floryaenergy.com\/tr\/orc-sistem-referanslar\/#breadcrumb"},"inLanguage":"tr","potentialAction":[{"@type":"ReadAction","target":["https:\/\/floryaenergy.com\/tr\/orc-sistem-referanslar\/"]}]},{"@type":"BreadcrumbList","@id":"https:\/\/floryaenergy.com\/tr\/orc-sistem-referanslar\/#breadcrumb","itemListElement":[{"@type":"ListItem","position":1,"name":"Home","item":"https:\/\/floryaenergy.com\/tr\/"},{"@type":"ListItem","position":2,"name":"ORC S\u0130STEM REFERANSLARI"}]},{"@type":"WebSite","@id":"https:\/\/floryaenergy.com\/#website","url":"https:\/\/floryaenergy.com\/","name":"Florya Energy","description":"Florya Energy","potentialAction":[{"@type":"SearchAction","target":{"@type":"EntryPoint","urlTemplate":"https:\/\/floryaenergy.com\/?s={search_term_string}"},"query-input":{"@type":"PropertyValueSpecification","valueRequired":true,"valueName":"search_term_string"}}],"inLanguage":"tr"}]}},"_links":{"self":[{"href":"https:\/\/floryaenergy.com\/tr\/wp-json\/wp\/v2\/pages\/8246\/"}],"collection":[{"href":"https:\/\/floryaenergy.com\/tr\/wp-json\/wp\/v2\/pages\/"}],"about":[{"href":"https:\/\/floryaenergy.com\/tr\/wp-json\/wp\/v2\/types\/page\/"}],"author":[{"embeddable":true,"href":"https:\/\/floryaenergy.com\/tr\/wp-json\/wp\/v2\/users\/1\/"}],"replies":[{"embeddable":true,"href":"https:\/\/floryaenergy.com\/tr\/wp-json\/wp\/v2\/comments\/?post=8246"}],"version-history":[{"count":5,"href":"https:\/\/floryaenergy.com\/tr\/wp-json\/wp\/v2\/pages\/8246\/revisions\/"}],"predecessor-version":[{"id":9362,"href":"https:\/\/floryaenergy.com\/tr\/wp-json\/wp\/v2\/pages\/8246\/revisions\/9362\/"}],"wp:attachment":[{"href":"https:\/\/floryaenergy.com\/tr\/wp-json\/wp\/v2\/media\/?parent=8246"}],"curies":[{"name":"wp","href":"https:\/\/api.w.org\/{rel}","templated":true}]}}